{"id":1261,"date":"2024-11-21T21:40:20","date_gmt":"2024-11-22T00:40:20","guid":{"rendered":"https:\/\/development.texin.com.br\/?page_id=1261"},"modified":"2025-01-16T14:36:34","modified_gmt":"2025-01-16T17:36:34","slug":"panificacao","status":"publish","type":"page","link":"https:\/\/texin.com.br\/en\/panificacao\/","title":{"rendered":"PANIFICATION"},"content":{"rendered":"<div data-elementor-type=\"wp-page\" data-elementor-id=\"1261\" class=\"elementor elementor-1261\" data-elementor-settings=\"{&quot;ha_cmc_init_switcher&quot;:&quot;no&quot;}\" data-elementor-post-type=\"page\">\n\t\t\t\t<div data-particle_enable=\"false\" data-particle-mobile-disabled=\"false\" class=\"elementor-element elementor-element-ce89fba e-flex e-con-boxed e-con e-parent\" data-id=\"ce89fba\" data-element_type=\"container\" data-e-type=\"container\" data-settings=\"{&quot;background_background&quot;:&quot;classic&quot;,&quot;_ha_eqh_enable&quot;:false}\">\n\t\t\t\t\t<div class=\"e-con-inner\">\n\t\t\t\t<div class=\"elementor-element elementor-element-82e75b4 elementor-widget elementor-widget-text-editor\" data-id=\"82e75b4\" data-element_type=\"widget\" data-e-type=\"widget\" data-widget_type=\"text-editor.default\">\n\t\t\t\t<div class=\"elementor-widget-container\">\n\t\t\t\t\t\t\t\t\t<p>BREAD MAKER FELTS<\/p>\t\t\t\t\t\t\t\t<\/div>\n\t\t\t\t<\/div>\n\t\t\t\t\t<\/div>\n\t\t\t\t<\/div>\n\t\t<div data-particle_enable=\"false\" data-particle-mobile-disabled=\"false\" class=\"elementor-element elementor-element-79e4422 e-flex e-con-boxed e-con e-parent\" data-id=\"79e4422\" data-element_type=\"container\" data-e-type=\"container\" data-settings=\"{&quot;_ha_eqh_enable&quot;:false}\">\n\t\t\t\t\t<div class=\"e-con-inner\">\n\t\t<div data-particle_enable=\"false\" data-particle-mobile-disabled=\"false\" class=\"elementor-element elementor-element-a0e730c e-con-full e-flex e-con e-child\" data-id=\"a0e730c\" data-element_type=\"container\" data-e-type=\"container\" data-settings=\"{&quot;_ha_eqh_enable&quot;:false}\">\n\t\t<div data-particle_enable=\"false\" data-particle-mobile-disabled=\"false\" class=\"elementor-element elementor-element-a2324c7 e-con-full elementor-hidden-desktop elementor-hidden-tablet elementor-hidden-mobile e-flex e-con e-child\" data-id=\"a2324c7\" data-element_type=\"container\" data-e-type=\"container\" data-settings=\"{&quot;_ha_eqh_enable&quot;:false}\">\n\t\t\t\t<div class=\"elementor-element elementor-element-fa1adb8 elementor-widget elementor-widget-image\" data-id=\"fa1adb8\" data-element_type=\"widget\" data-e-type=\"widget\" data-widget_type=\"image.default\">\n\t\t\t\t<div class=\"elementor-widget-container\">\n\t\t\t\t\t\t\t\t\t\t\t\t\t\t\t<img fetchpriority=\"high\" decoding=\"async\" width=\"800\" height=\"800\" src=\"https:\/\/texin.com.br\/wp-content\/uploads\/2024\/11\/ff1-1024x1024.png\" class=\"attachment-large size-large wp-image-1432\" alt=\"\" srcset=\"https:\/\/texin.com.br\/wp-content\/uploads\/2024\/11\/ff1-1024x1024.png 1024w, https:\/\/texin.com.br\/wp-content\/uploads\/2024\/11\/ff1-300x300.png 300w, https:\/\/texin.com.br\/wp-content\/uploads\/2024\/11\/ff1-100x100.png 100w, https:\/\/texin.com.br\/wp-content\/uploads\/2024\/11\/ff1-600x600.png 600w, https:\/\/texin.com.br\/wp-content\/uploads\/2024\/11\/ff1-150x150.png 150w, https:\/\/texin.com.br\/wp-content\/uploads\/2024\/11\/ff1-768x768.png 768w, https:\/\/texin.com.br\/wp-content\/uploads\/2024\/11\/ff1-1536x1536.png 1536w, https:\/\/texin.com.br\/wp-content\/uploads\/2024\/11\/ff1-2048x2048.png 2048w, https:\/\/texin.com.br\/wp-content\/uploads\/2024\/11\/ff1-12x12.png 12w\" sizes=\"(max-width: 800px) 100vw, 800px\" \/>\t\t\t\t\t\t\t\t\t\t\t\t\t\t\t<\/div>\n\t\t\t\t<\/div>\n\t\t\t\t<\/div>\n\t\t<div data-particle_enable=\"false\" data-particle-mobile-disabled=\"false\" class=\"elementor-element elementor-element-5fcd02d e-con-full e-flex e-con e-child\" data-id=\"5fcd02d\" data-element_type=\"container\" data-e-type=\"container\" data-settings=\"{&quot;_ha_eqh_enable&quot;:false}\">\n\t\t\t\t<div class=\"elementor-element elementor-element-9414c5e elementor-widget elementor-widget-text-editor\" data-id=\"9414c5e\" data-element_type=\"widget\" data-e-type=\"widget\" data-widget_type=\"text-editor.default\">\n\t\t\t\t<div class=\"elementor-widget-container\">\n\t\t\t\t\t\t\t\t\t<p>The <strong>TEXIN\u00ae FELTRES<\/strong>also known as\u00a0<strong>TARPAULINS FOR BREAD MOLDERS<\/strong>We guarantee your establishment the best value for money on the market!<\/p>\t\t\t\t\t\t\t\t<\/div>\n\t\t\t\t<\/div>\n\t\t\t\t<\/div>\n\t\t\t\t<\/div>\n\t\t<div data-particle_enable=\"false\" data-particle-mobile-disabled=\"false\" class=\"elementor-element elementor-element-00af45b e-con-full e-flex e-con e-child\" data-id=\"00af45b\" data-element_type=\"container\" data-e-type=\"container\" data-settings=\"{&quot;_ha_eqh_enable&quot;:false}\">\n\t\t<div data-particle_enable=\"false\" data-particle-mobile-disabled=\"false\" class=\"elementor-element elementor-element-6f1ba44 e-con-full e-flex e-con e-child\" data-id=\"6f1ba44\" data-element_type=\"container\" data-e-type=\"container\" data-settings=\"{&quot;_ha_eqh_enable&quot;:false}\">\n\t\t\t\t<div class=\"elementor-element elementor-element-357f44b elementor-widget elementor-widget-image\" data-id=\"357f44b\" data-element_type=\"widget\" data-e-type=\"widget\" data-widget_type=\"image.default\">\n\t\t\t\t<div class=\"elementor-widget-container\">\n\t\t\t\t\t\t\t\t\t\t\t\t\t\t\t<img decoding=\"async\" width=\"1366\" height=\"768\" data-src=\"https:\/\/texin.com.br\/wp-content\/uploads\/2025\/01\/FELTROS-PARA-MODELADORAS-DE-PAES-2.jpg\" class=\"attachment-full size-full wp-image-2256 lazyload\" alt=\"\" data-srcset=\"https:\/\/texin.com.br\/wp-content\/uploads\/2025\/01\/FELTROS-PARA-MODELADORAS-DE-PAES-2.jpg 1366w, https:\/\/texin.com.br\/wp-content\/uploads\/2025\/01\/FELTROS-PARA-MODELADORAS-DE-PAES-2-600x337.jpg 600w, https:\/\/texin.com.br\/wp-content\/uploads\/2025\/01\/FELTROS-PARA-MODELADORAS-DE-PAES-2-300x169.jpg 300w, https:\/\/texin.com.br\/wp-content\/uploads\/2025\/01\/FELTROS-PARA-MODELADORAS-DE-PAES-2-1024x576.jpg 1024w, https:\/\/texin.com.br\/wp-content\/uploads\/2025\/01\/FELTROS-PARA-MODELADORAS-DE-PAES-2-768x432.jpg 768w, https:\/\/texin.com.br\/wp-content\/uploads\/2025\/01\/FELTROS-PARA-MODELADORAS-DE-PAES-2-18x10.jpg 18w\" data-sizes=\"(max-width: 1366px) 100vw, 1366px\" src=\"data:image\/gif;base64,R0lGODlhAQABAAAAACH5BAEKAAEALAAAAAABAAEAAAICTAEAOw==\" style=\"--smush-placeholder-width: 1366px; --smush-placeholder-aspect-ratio: 1366\/768;\" \/>\t\t\t\t\t\t\t\t\t\t\t\t\t\t\t<\/div>\n\t\t\t\t<\/div>\n\t\t\t\t<\/div>\n\t\t\t\t<\/div>\n\t\t\t\t\t<\/div>\n\t\t\t\t<\/div>\n\t\t<div data-particle_enable=\"false\" data-particle-mobile-disabled=\"false\" class=\"elementor-element elementor-element-98d9057 e-flex e-con-boxed e-con e-parent\" data-id=\"98d9057\" data-element_type=\"container\" data-e-type=\"container\" data-settings=\"{&quot;_ha_eqh_enable&quot;:false}\">\n\t\t\t\t\t<div class=\"e-con-inner\">\n\t\t\t\t<div class=\"elementor-element elementor-element-13fa779 elementor-widget elementor-widget-text-editor\" data-id=\"13fa779\" data-element_type=\"widget\" data-e-type=\"widget\" data-widget_type=\"text-editor.default\">\n\t\t\t\t<div class=\"elementor-widget-container\">\n\t\t\t\t\t\t\t\t\t<p>CHECK OUT THE SIZES AND MODELS AVAILABLE BELOW<\/p>\t\t\t\t\t\t\t\t<\/div>\n\t\t\t\t<\/div>\n\t\t\t\t<div class=\"elementor-element elementor-element-4324c0b elementor-widget elementor-widget-image\" data-id=\"4324c0b\" data-element_type=\"widget\" data-e-type=\"widget\" data-widget_type=\"image.default\">\n\t\t\t\t<div class=\"elementor-widget-container\">\n\t\t\t\t\t\t\t\t\t\t\t\t\t\t\t<img decoding=\"async\" width=\"768\" height=\"1024\" data-src=\"https:\/\/texin.com.br\/wp-content\/uploads\/2024\/11\/lu3130arye_page-0001-768x1024.jpg\" class=\"attachment-large size-large wp-image-1437 lazyload\" alt=\"\" data-srcset=\"https:\/\/texin.com.br\/wp-content\/uploads\/2024\/11\/lu3130arye_page-0001-768x1024.jpg 768w, https:\/\/texin.com.br\/wp-content\/uploads\/2024\/11\/lu3130arye_page-0001-scaled-600x800.jpg 600w, https:\/\/texin.com.br\/wp-content\/uploads\/2024\/11\/lu3130arye_page-0001-225x300.jpg 225w, https:\/\/texin.com.br\/wp-content\/uploads\/2024\/11\/lu3130arye_page-0001-1152x1536.jpg 1152w, https:\/\/texin.com.br\/wp-content\/uploads\/2024\/11\/lu3130arye_page-0001-1536x2048.jpg 1536w, https:\/\/texin.com.br\/wp-content\/uploads\/2024\/11\/lu3130arye_page-0001-9x12.jpg 9w, https:\/\/texin.com.br\/wp-content\/uploads\/2024\/11\/lu3130arye_page-0001-scaled.jpg 1920w\" data-sizes=\"(max-width: 768px) 100vw, 768px\" src=\"data:image\/gif;base64,R0lGODlhAQABAAAAACH5BAEKAAEALAAAAAABAAEAAAICTAEAOw==\" style=\"--smush-placeholder-width: 768px; --smush-placeholder-aspect-ratio: 768\/1024;\" \/>\t\t\t\t\t\t\t\t\t\t\t\t\t\t\t<\/div>\n\t\t\t\t<\/div>\n\t\t\t\t\t<\/div>\n\t\t\t\t<\/div>\n\t\t\t\t<\/div>","protected":false},"excerpt":{"rendered":"<p>FELTROS PARA MODELADORAS DE P\u00c3O Os FELTROS TEXIN\u00ae, tamb\u00e9m conhecidos como\u00a0LONAS PARA MODELADORAS DE P\u00c3O, s\u00e3o produzidos com mat\u00e9ria prima 100% l\u00e3 e passam pelos mais r\u00edgidos padr\u00f5es de qualidade, Garantimos ao seu estabelecimento o melhor custo x benef\u00edcio do mercado! CONFIRA ABAIXO AS MEDIDAS E MODELOS DISPON\u00cdVEIS<\/p>","protected":false},"author":1,"featured_media":0,"parent":0,"menu_order":0,"comment_status":"closed","ping_status":"closed","template":"","meta":{"footnotes":""},"class_list":["post-1261","page","type-page","status-publish","hentry"],"_links":{"self":[{"href":"https:\/\/texin.com.br\/en\/wp-json\/wp\/v2\/pages\/1261","targetHints":{"allow":["GET"]}}],"collection":[{"href":"https:\/\/texin.com.br\/en\/wp-json\/wp\/v2\/pages"}],"about":[{"href":"https:\/\/texin.com.br\/en\/wp-json\/wp\/v2\/types\/page"}],"author":[{"embeddable":true,"href":"https:\/\/texin.com.br\/en\/wp-json\/wp\/v2\/users\/1"}],"replies":[{"embeddable":true,"href":"https:\/\/texin.com.br\/en\/wp-json\/wp\/v2\/comments?post=1261"}],"version-history":[{"count":0,"href":"https:\/\/texin.com.br\/en\/wp-json\/wp\/v2\/pages\/1261\/revisions"}],"wp:attachment":[{"href":"https:\/\/texin.com.br\/en\/wp-json\/wp\/v2\/media?parent=1261"}],"curies":[{"name":"wp","href":"https:\/\/api.w.org\/{rel}","templated":true}]}}