{"id":2439,"date":"2025-01-16T15:15:07","date_gmt":"2025-01-16T18:15:07","guid":{"rendered":"https:\/\/development.texin.com.br\/?page_id=2439"},"modified":"2025-03-01T13:04:14","modified_gmt":"2025-03-01T16:04:14","slug":"industria-textil-2","status":"publish","type":"page","link":"https:\/\/texin.com.br\/es\/industria-textil-2\/","title":{"rendered":"INDUSTRIA TEXTIL"},"content":{"rendered":"<div data-elementor-type=\"wp-page\" data-elementor-id=\"2439\" class=\"elementor elementor-2439\" data-elementor-settings=\"{&quot;ha_cmc_init_switcher&quot;:&quot;no&quot;}\" data-elementor-post-type=\"page\">\n\t\t\t\t<div data-particle_enable=\"false\" data-particle-mobile-disabled=\"false\" class=\"elementor-element elementor-element-2fa0437 e-con-full e-flex e-con e-parent\" data-id=\"2fa0437\" data-element_type=\"container\" data-e-type=\"container\" data-settings=\"{&quot;background_background&quot;:&quot;classic&quot;,&quot;_ha_eqh_enable&quot;:false}\">\n\t\t\t\t<div class=\"elementor-element elementor-element-62e2e25 elementor-widget elementor-widget-heading\" data-id=\"62e2e25\" data-element_type=\"widget\" data-e-type=\"widget\" data-widget_type=\"heading.default\">\n\t\t\t\t<div class=\"elementor-widget-container\">\n\t\t\t\t\t<h2 class=\"elementor-heading-title elementor-size-default\">INDUSTRIA TEXTIL <\/h2>\t\t\t\t<\/div>\n\t\t\t\t<\/div>\n\t\t\t\t<div class=\"elementor-element elementor-element-95054db elementor-widget-divider--view-line elementor-widget elementor-widget-divider\" data-id=\"95054db\" data-element_type=\"widget\" data-e-type=\"widget\" data-widget_type=\"divider.default\">\n\t\t\t\t<div class=\"elementor-widget-container\">\n\t\t\t\t\t\t\t<div class=\"elementor-divider\">\n\t\t\t<span class=\"elementor-divider-separator\">\n\t\t\t\t\t\t<\/span>\n\t\t<\/div>\n\t\t\t\t\t\t<\/div>\n\t\t\t\t<\/div>\n\t\t\t\t<\/div>\n\t\t\t\t<section data-particle_enable=\"false\" data-particle-mobile-disabled=\"false\" class=\"elementor-section elementor-top-section elementor-element elementor-element-e225fcf elementor-section-content-middle elementor-section-boxed elementor-section-height-default elementor-section-height-default\" data-id=\"e225fcf\" data-element_type=\"section\" data-e-type=\"section\" data-settings=\"{&quot;background_background&quot;:&quot;gradient&quot;,&quot;_ha_eqh_enable&quot;:false}\">\n\t\t\t\t\t\t\t<div class=\"elementor-background-overlay\"><\/div>\n\t\t\t\t\t\t\t<div class=\"elementor-container elementor-column-gap-default\">\n\t\t\t\t\t<div class=\"elementor-column elementor-col-50 elementor-top-column elementor-element elementor-element-9d3b525\" data-id=\"9d3b525\" data-element_type=\"column\" data-e-type=\"column\">\n\t\t\t<div class=\"elementor-widget-wrap elementor-element-populated\">\n\t\t\t\t\t\t<div class=\"elementor-element elementor-element-18fed4c elementor-widget elementor-widget-image\" data-id=\"18fed4c\" data-element_type=\"widget\" data-e-type=\"widget\" data-widget_type=\"image.default\">\n\t\t\t\t<div class=\"elementor-widget-container\">\n\t\t\t\t\t\t\t\t\t\t\t\t\t\t\t<img fetchpriority=\"high\" decoding=\"async\" width=\"768\" height=\"1024\" src=\"https:\/\/texin.com.br\/wp-content\/uploads\/2025\/01\/WhatsApp-Image-2025-01-16-at-14.50.55-768x1024.jpeg\" class=\"attachment-large size-large wp-image-2442\" alt=\"\" srcset=\"https:\/\/texin.com.br\/wp-content\/uploads\/2025\/01\/WhatsApp-Image-2025-01-16-at-14.50.55-768x1024.jpeg 768w, https:\/\/texin.com.br\/wp-content\/uploads\/2025\/01\/WhatsApp-Image-2025-01-16-at-14.50.55-600x800.jpeg 600w, https:\/\/texin.com.br\/wp-content\/uploads\/2025\/01\/WhatsApp-Image-2025-01-16-at-14.50.55-225x300.jpeg 225w, https:\/\/texin.com.br\/wp-content\/uploads\/2025\/01\/WhatsApp-Image-2025-01-16-at-14.50.55-1152x1536.jpeg 1152w, https:\/\/texin.com.br\/wp-content\/uploads\/2025\/01\/WhatsApp-Image-2025-01-16-at-14.50.55-9x12.jpeg 9w, https:\/\/texin.com.br\/wp-content\/uploads\/2025\/01\/WhatsApp-Image-2025-01-16-at-14.50.55.jpeg 1200w\" sizes=\"(max-width: 768px) 100vw, 768px\" \/>\t\t\t\t\t\t\t\t\t\t\t\t\t\t\t<\/div>\n\t\t\t\t<\/div>\n\t\t\t\t\t<\/div>\n\t\t<\/div>\n\t\t\t\t<div class=\"elementor-column elementor-col-50 elementor-top-column elementor-element elementor-element-7e3187f\" data-id=\"7e3187f\" data-element_type=\"column\" data-e-type=\"column\" data-settings=\"{&quot;background_background&quot;:&quot;classic&quot;}\">\n\t\t\t<div class=\"elementor-widget-wrap elementor-element-populated\">\n\t\t\t\t\t\t<div class=\"elementor-element elementor-element-1c2786f elementor-hidden-desktop elementor-hidden-tablet elementor-hidden-mobile elementor-widget elementor-widget-heading\" data-id=\"1c2786f\" data-element_type=\"widget\" data-e-type=\"widget\" data-widget_type=\"heading.default\">\n\t\t\t\t<div class=\"elementor-widget-container\">\n\t\t\t\t\t<h2 class=\"elementor-heading-title elementor-size-default\">NUESTRA HISTORIA<\/h2>\t\t\t\t<\/div>\n\t\t\t\t<\/div>\n\t\t\t\t<div class=\"elementor-element elementor-element-562b266 elementor-widget elementor-widget-text-editor\" data-id=\"562b266\" data-element_type=\"widget\" data-e-type=\"widget\" data-widget_type=\"text-editor.default\">\n\t\t\t\t<div class=\"elementor-widget-container\">\n\t\t\t\t\t\t\t\t\t<p align=\"justify\">Desde 1987 fabricamos TEJIDOS T\u00c9CNICOS utilizados en diversos sectores de la industria textil, incluyendo: Hilatura, Tejedur\u00eda, Tintorer\u00eda y Acabado de Tejidos, con una visi\u00f3n abierta al futuro, TEXIN\u00ae trabaja en colaboraci\u00f3n con usted, el cliente, desarrollando productos adaptados a su uso.<\/p><p align=\"justify\">P\u00f3ngase en contacto con nosotros para obtener m\u00e1s informaci\u00f3n sobre nuestra cartera para el sector textil.<\/p>\t\t\t\t\t\t\t\t<\/div>\n\t\t\t\t<\/div>\n\t\t\t\t\t<\/div>\n\t\t<\/div>\n\t\t\t\t\t<\/div>\n\t\t<\/section>\n\t\t\t\t<\/div>","protected":false},"excerpt":{"rendered":"<p>INDUSTRIA TEXTIL NUESTRA HISTORIA Desde 1987 fabricamos TEJIDOS T\u00c9CNICOS utilizados en diversos sectores de la industria textil, incluyendo: Hilatura, Tejedur\u00eda, Tintura y Acabado de Tejidos, con una visi\u00f3n abierta al futuro, TEXIN\u00ae trabaja en colaboraci\u00f3n con usted, el cliente, desarrollando productos adecuados para su uso. Contacte con nosotros para saber m\u00e1s [...]<\/p>","protected":false},"author":1,"featured_media":0,"parent":0,"menu_order":0,"comment_status":"closed","ping_status":"closed","template":"","meta":{"footnotes":""},"class_list":["post-2439","page","type-page","status-publish","hentry"],"_links":{"self":[{"href":"https:\/\/texin.com.br\/es\/wp-json\/wp\/v2\/pages\/2439","targetHints":{"allow":["GET"]}}],"collection":[{"href":"https:\/\/texin.com.br\/es\/wp-json\/wp\/v2\/pages"}],"about":[{"href":"https:\/\/texin.com.br\/es\/wp-json\/wp\/v2\/types\/page"}],"author":[{"embeddable":true,"href":"https:\/\/texin.com.br\/es\/wp-json\/wp\/v2\/users\/1"}],"replies":[{"embeddable":true,"href":"https:\/\/texin.com.br\/es\/wp-json\/wp\/v2\/comments?post=2439"}],"version-history":[{"count":1,"href":"https:\/\/texin.com.br\/es\/wp-json\/wp\/v2\/pages\/2439\/revisions"}],"predecessor-version":[{"id":3975,"href":"https:\/\/texin.com.br\/es\/wp-json\/wp\/v2\/pages\/2439\/revisions\/3975"}],"wp:attachment":[{"href":"https:\/\/texin.com.br\/es\/wp-json\/wp\/v2\/media?parent=2439"}],"curies":[{"name":"wp","href":"https:\/\/api.w.org\/{rel}","templated":true}]}}