{"id":980,"date":"2024-11-20T22:29:17","date_gmt":"2024-11-21T01:29:17","guid":{"rendered":"https:\/\/development.texin.com.br\/?page_id=980"},"modified":"2025-03-08T09:54:58","modified_gmt":"2025-03-08T12:54:58","slug":"industria-alimenticia","status":"publish","type":"page","link":"https:\/\/texin.com.br\/es\/industria-alimenticia\/","title":{"rendered":"INDUSTRIA ALIMENTARIA"},"content":{"rendered":"<div data-elementor-type=\"wp-page\" data-elementor-id=\"980\" class=\"elementor elementor-980\" data-elementor-settings=\"{&quot;ha_cmc_init_switcher&quot;:&quot;no&quot;}\" data-elementor-post-type=\"page\">\n\t\t\t\t<div data-particle_enable=\"false\" data-particle-mobile-disabled=\"false\" class=\"elementor-element elementor-element-46a7498 e-con-full e-flex e-con e-parent\" data-id=\"46a7498\" data-element_type=\"container\" data-e-type=\"container\" data-settings=\"{&quot;_ha_eqh_enable&quot;:false}\">\n\t\t\t\t<div class=\"elementor-element elementor-element-d6be0fe elementor-widget elementor-widget-html\" data-id=\"d6be0fe\" data-element_type=\"widget\" data-e-type=\"widget\" data-widget_type=\"html.default\">\n\t\t\t\t<div class=\"elementor-widget-container\">\n\t\t\t\t\t<!DOCTYPE html>\n<html lang=\"pt-BR\">\n<head>\n    <meta charset=\"UTF-8\">\n    <meta name=\"viewport\" content=\"width=device-width, initial-scale=1.0\">\n    \n    <style>\n        body {\n            margin: 0;\n            padding: 0;\n            overflow-x: hidden;\n        }\n\n        .row-box {\n            display: flex;\n            flex-wrap: wrap;\n            gap: 10px;\n            justify-content: center;\n            max-width: 98%;\n            margin: 0 auto;\n            opacity: 1; \/* Agora sempre vis\u00edvel *\/\n        }\n\n        .card-box {\n            flex: 1 1 5%;\n            max-width: 600px;\n            height: 300px;\n            overflow: hidden;\n            background-color: #fff;\n            background-size: cover;\n            background-position: center;\n            border-radius: 10px;\n            box-shadow: 0 4px 8px rgba(0, 0, 0, 0.1);\n            transition: transform 0.3s ease, opacity 0.5s ease;\n            opacity: 0; \/* Come\u00e7a invis\u00edvel *\/\n            transform: translateY(50px); \/* Come\u00e7a deslocado *\/\n            animation: fadeInUp 0.5s forwards; \/* Ativa a anima\u00e7\u00e3o *\/\n        }\n\n        .card-box:nth-child(1) { background-image: url('..\/wp-content\/uploads\/2024\/11\/INDUSTRIA-ALIMENTICIA_V1.png'); }\n        .card-box:nth-child(2) { background-image: url('..\/wp-content\/uploads\/2025\/01\/SETOR-ALIMENTICIO-PANIFICACAO.png'); }\n\n        .card-box:hover { transform: scale(1.05); }\n\n        .content {\n            position: absolute;\n            bottom: -100%;\n            left: 0;\n            right: 0;\n            padding: 20px;\n            background: linear-gradient(to top, rgba(0, 0, 0, 1), rgba(0, 0, 0, 0));\n            color: white;\n            transition: bottom 0.3s ease;\n        }\n\n        .card-box:hover .content { bottom: 0; }\n\n        h2 { margin: 10px 0; font-size: 20px; }\n\n        p { margin: 10px 0; font-size: 14px; }\n\n        button {\n            padding: 10px 20px;\n            background-color: transparent;\n            color: #ff6600;\n            border: 1px solid #ff6600;\n            border-radius: 5px;\n            cursor: pointer;\n            transition: background-color 0.3s ease;\n        }\n\n        button:hover {\n            background-color: #ff6600;\n            color: #fff;\n        }\n\n        \/* Responsivo *\/\n        @media (max-width: 768px) {\n            .card-box { flex: 1 1 45%; }\n        }\n\n        @media (max-width: 480px) {\n            .card-box { flex: 1 1 100%; }\n        }\n\n        @keyframes fadeInUp {\n            0% { opacity: 0; transform: translateY(50px); }\n            100% { opacity: 1; transform: translateY(0); }\n        }\n    <\/style>\n<\/head>\n<body>\n    <div class=\"row-box\">\n        <div class=\"card-box\">\n            <div class=\"content\">\n                <h2>GALLETAS Y PASTA<\/h2>\n                <a href='https:\/\/texin.com.br\/es\/biscoitos-e-massas-alimenticias\/'><button>SABER M\u00c1S<\/button><\/a>\n            <\/div>\n        <\/div>\n        <div class=\"card-box\">\n            <div class=\"content\">\n                <h2>PANIFICACI\u00d3N<\/h2>\n                <a href='https:\/\/texin.com.br\/es\/panificacao\/'><button>SABER M\u00c1S<\/button><\/a>\n            <\/div>\n        <\/div>\n    <\/div>\n<\/body>\n<\/html>\n\t\t\t\t<\/div>\n\t\t\t\t<\/div>\n\t\t\t\t<\/div>\n\t\t\t\t<\/div>","protected":false},"excerpt":{"rendered":"<p>GALLETAS Y PASTAS SABER M\u00c1S PANADER\u00cdA SABER M\u00c1S<\/p>","protected":false},"author":1,"featured_media":0,"parent":0,"menu_order":0,"comment_status":"closed","ping_status":"closed","template":"","meta":{"footnotes":""},"class_list":["post-980","page","type-page","status-publish","hentry"],"_links":{"self":[{"href":"https:\/\/texin.com.br\/es\/wp-json\/wp\/v2\/pages\/980","targetHints":{"allow":["GET"]}}],"collection":[{"href":"https:\/\/texin.com.br\/es\/wp-json\/wp\/v2\/pages"}],"about":[{"href":"https:\/\/texin.com.br\/es\/wp-json\/wp\/v2\/types\/page"}],"author":[{"embeddable":true,"href":"https:\/\/texin.com.br\/es\/wp-json\/wp\/v2\/users\/1"}],"replies":[{"embeddable":true,"href":"https:\/\/texin.com.br\/es\/wp-json\/wp\/v2\/comments?post=980"}],"version-history":[{"count":0,"href":"https:\/\/texin.com.br\/es\/wp-json\/wp\/v2\/pages\/980\/revisions"}],"wp:attachment":[{"href":"https:\/\/texin.com.br\/es\/wp-json\/wp\/v2\/media?parent=980"}],"curies":[{"name":"wp","href":"https:\/\/api.w.org\/{rel}","templated":true}]}}